{"id":12470,"date":"2024-10-03T10:52:29","date_gmt":"2024-10-03T10:52:29","guid":{"rendered":"https:\/\/nsf.pt\/?page_id=12470"},"modified":"2024-10-03T10:56:19","modified_gmt":"2024-10-03T10:56:19","slug":"livros-sem-fronteiras","status":"publish","type":"page","link":"http:\/\/nsf.pt\/index.php\/livros-sem-fronteiras\/","title":{"rendered":"LIVROS SEM FRONTEIRAS"},"content":{"rendered":"\n<div style=\"height:100px\" aria-hidden=\"true\" class=\"wp-block-spacer\"><\/div>\n\n\n\n<figure class=\"wp-block-gallery has-nested-images columns-default is-cropped wp-block-gallery-1 is-layout-flex wp-block-gallery-is-layout-flex\">\n<figure class=\"wp-block-image size-large\"><img decoding=\"async\" loading=\"lazy\" width=\"1024\" height=\"387\" data-id=\"12472\" src=\"https:\/\/nsf.pt\/wp-content\/uploads\/2024\/10\/PAG-LSF-1024x387.jpg\" alt=\"\" class=\"wp-image-12472\" srcset=\"https:\/\/nsf.pt\/wp-content\/uploads\/2024\/10\/PAG-LSF-1024x387.jpg 1024w, https:\/\/nsf.pt\/wp-content\/uploads\/2024\/10\/PAG-LSF-300x113.jpg 300w, https:\/\/nsf.pt\/wp-content\/uploads\/2024\/10\/PAG-LSF-768x290.jpg 768w, https:\/\/nsf.pt\/wp-content\/uploads\/2024\/10\/PAG-LSF.jpg 1522w\" sizes=\"(max-width: 1024px) 100vw, 1024px\" \/><\/figure>\n<\/figure>\n\n\n\n<p><\/p>\n\n\n\n<div style=\"height:100px\" aria-hidden=\"true\" class=\"wp-block-spacer\"><\/div>\n\n\n\n<p><\/p>\n\n\n\n<div class=\"wp-block-columns alignfull is-layout-flex wp-container-8 wp-block-columns-is-layout-flex\">\n<div class=\"wp-block-column is-layout-flow wp-block-column-is-layout-flow\" style=\"flex-basis:50%\">\n<div class=\"wp-block-cover is-light\" style=\"min-height:600px\"><span aria-hidden=\"true\" class=\"wp-block-cover__background has-background-dim-100 has-background-dim\" style=\"background-color:#f6f6f6\"><\/span><div class=\"wp-block-cover__inner-container is-layout-flow wp-block-cover-is-layout-flow\">\n<p class=\"has-text-align-center has-large-font-size\">Carlos Matos Gomes<\/p>\n\n\n\n<figure class=\"wp-block-image size-full\"><img decoding=\"async\" loading=\"lazy\" width=\"522\" height=\"746\" src=\"https:\/\/nsf.pt\/wp-content\/uploads\/2024\/10\/verdade.jpg\" alt=\"\" class=\"wp-image-12471\" srcset=\"https:\/\/nsf.pt\/wp-content\/uploads\/2024\/10\/verdade.jpg 522w, https:\/\/nsf.pt\/wp-content\/uploads\/2024\/10\/verdade-210x300.jpg 210w\" sizes=\"(max-width: 522px) 100vw, 522px\" \/><\/figure>\n<\/div><\/div>\n<\/div>\n\n\n\n<div class=\"wp-block-column is-vertically-aligned-center is-layout-flow wp-block-column-is-layout-flow\" style=\"padding-top:1em;padding-right:1em;padding-bottom:1em;padding-left:1em\">\n<div class=\"wp-block-columns is-layout-flex wp-container-6 wp-block-columns-is-layout-flex\">\n<div class=\"wp-block-column is-layout-flow wp-block-column-is-layout-flow\" style=\"flex-basis:320px\">\n<p><em>A Verdade \u00danica e a Heresia de Pensar<\/em>&nbsp;re\u00fane textos publicados desde 2011 em v\u00e1rias plataformas eletr\u00f3nicas, jornais e revistas, excertos de interven\u00e7\u00f5es apresentadas em col\u00f3quios ou confer\u00eancias e de romances de Carlos Vale Ferraz. A conhecida frase de que a verdade \u00e9 a primeira v\u00edtima da guerra tem um significado perverso: a verdade n\u00e3o \u00e9 compat\u00edvel com o exerc\u00edcio do poder! Da\u00ed ser t\u00e3o importante uma informa\u00e7\u00e3o livre do poder e ser t\u00e3o tentador para o poder transformar a informa\u00e7\u00e3o em comunica\u00e7\u00e3o e dominar os meios onde se realiza essa opera\u00e7\u00e3o de mudan\u00e7a de g\u00e9nero. a informa\u00e7\u00e3o moldada sob a designa\u00e7\u00e3o de comunica\u00e7\u00e3o exp\u00f4s o antagonismo entre a&nbsp;<em>grande pol\u00edtica<\/em>&nbsp;e a cidadania.<\/p>\n\n\n\n<p>[&#8230;]<\/p>\n\n\n\n<p><a href=\"https:\/\/www.wook.pt\/livro\/a-verdade-unica-e-a-heresia-de-pensar-carlos-de-matos-gomes\/29425115\"><mark style=\"background-color:rgba(0, 0, 0, 0)\" class=\"has-inline-color has-vivid-cyan-blue-color\">LER MAIS <\/mark><\/a><\/p>\n<\/div>\n<\/div>\n<\/div>\n<\/div>\n","protected":false},"excerpt":{"rendered":"<p>A Verdade \u00danica e a Heresia de Pensar&nbsp;re\u00fane textos publicados desde 2011 em v\u00e1rias plataformas&#8230;<\/p>\n","protected":false},"author":2,"featured_media":0,"parent":0,"menu_order":0,"comment_status":"closed","ping_status":"closed","template":"","meta":{"sfsi_plus_gutenberg_text_before_share":"","sfsi_plus_gutenberg_show_text_before_share":"","sfsi_plus_gutenberg_icon_type":"","sfsi_plus_gutenberg_icon_alignemt":"","sfsi_plus_gutenburg_max_per_row":"","ngg_post_thumbnail":0,"footnotes":""},"_links":{"self":[{"href":"http:\/\/nsf.pt\/index.php\/wp-json\/wp\/v2\/pages\/12470"}],"collection":[{"href":"http:\/\/nsf.pt\/index.php\/wp-json\/wp\/v2\/pages"}],"about":[{"href":"http:\/\/nsf.pt\/index.php\/wp-json\/wp\/v2\/types\/page"}],"author":[{"embeddable":true,"href":"http:\/\/nsf.pt\/index.php\/wp-json\/wp\/v2\/users\/2"}],"replies":[{"embeddable":true,"href":"http:\/\/nsf.pt\/index.php\/wp-json\/wp\/v2\/comments?post=12470"}],"version-history":[{"count":4,"href":"http:\/\/nsf.pt\/index.php\/wp-json\/wp\/v2\/pages\/12470\/revisions"}],"predecessor-version":[{"id":12477,"href":"http:\/\/nsf.pt\/index.php\/wp-json\/wp\/v2\/pages\/12470\/revisions\/12477"}],"wp:attachment":[{"href":"http:\/\/nsf.pt\/index.php\/wp-json\/wp\/v2\/media?parent=12470"}],"curies":[{"name":"wp","href":"https:\/\/api.w.org\/{rel}","templated":true}]}}