{"id":10223,"date":"2023-12-31T19:42:33","date_gmt":"2023-12-31T19:42:33","guid":{"rendered":"https:\/\/nsf.pt\/?page_id=10223"},"modified":"2023-12-31T19:42:35","modified_gmt":"2023-12-31T19:42:35","slug":"como-posso-colaborar-com-o-nsf","status":"publish","type":"page","link":"https:\/\/nsf.pt\/index.php\/como-posso-colaborar-com-o-nsf\/","title":{"rendered":"Como posso colaborar com o NSF?"},"content":{"rendered":"\n<p>Colaborar com o NSF \u00e9 muito simples. S\u00f3 \u00e9 preciso enviar um pedido de ades\u00e3o ao Coletivo Sem Fronteiras, comunicar a disponibilidade e interesse nesta colabora\u00e7\u00e3o volunt\u00e1ria e declarar concordar com os princ\u00edpios que regem o NSF em mat\u00e9ria de Linha Editorial. <\/p>\n\n\n\n<p><\/p>\n\n\n\n<h2 class=\"wp-block-heading\">Como posso aderir ao Coletivo Sem Fronteiras?<\/h2>\n\n\n\n<p>Enviar um mail para geral@nsf.pt com &#8220;Quero aderir e ser membro do Coletivo Sem fronteiras&#8221; e informar: NOME | Idade | Telem\u00f3vel | Localidade de resid\u00eancia | Anexar Fotografia <\/p>\n\n\n\n<p>A ades\u00e3o \u00e9 apenas uma forma de participa\u00e7\u00e3o no grupo de trabalho e n\u00e3o tem quaisquer implica\u00e7\u00f5es no plano associativo, cooperativo e\/ou v\u00ednculo m\u00e9dia-comunica\u00e7\u00e3o.<\/p>\n\n\n\n<h2 class=\"wp-block-heading\">O que posso fazer nesta colabora\u00e7\u00e3o com o NSF?<\/h2>\n\n\n\n<p>H\u00e1 v\u00e1rias atividades poss\u00edveis que poder\u00e3o ser geridas em coopera\u00e7\u00e3o e at\u00e9 de forma progressiva:<\/p>\n\n\n\n<h3 class=\"wp-block-heading\">Em posi\u00e7\u00f5es de apoio de retaguarda:<\/h3>\n\n\n\n<ul>\n<li>apoio com documenta\u00e7\u00e3o \u00fatil para o Centro de Documenta\u00e7\u00e3o e para potenciais pe\u00e7as a publicar;<\/li>\n\n\n\n<li>apoio com ideias e indica\u00e7\u00f5es de temas a abordar e desenvolver;<\/li>\n\n\n\n<li>apoio na angaria\u00e7\u00e3o de potencias produtores de conte\u00fados que poder\u00e3o ter interesse em participar num projeto de comunica\u00e7\u00e3o colaborativa.<\/li>\n<\/ul>\n\n\n\n<h3 class=\"wp-block-heading\">Em posi\u00e7\u00f5es de linha da frente:<\/h3>\n\n\n\n<ul>\n<li>escrever de forma regular, irregular ou apenas ocasionalmente pe\u00e7as que podem ter uma formata\u00e7\u00e3o muito diferente: artigos, cr\u00f3nicas, editoriais, entrevistas, reportagens, artigos cient\u00edficos individuais ou coletivos, postais\/curtas;<\/li>\n\n\n\n<li>coordenar um DOSSIER TEM\u00c1TICO organizando com colaboradores o seu desenvolvimento e proposta de publica\u00e7\u00e3o;<\/li>\n\n\n\n<li>produzir v\u00eddeos para publica\u00e7\u00e3o;<\/li>\n\n\n\n<li>fotografar e\/ou organizar atividades de publica\u00e7\u00e3o na base da fotografia. <\/li>\n<\/ul>\n\n\n\n<h3 class=\"wp-block-heading\">Em posi\u00e7\u00f5es de anima\u00e7\u00e3o do Coletivo<\/h3>\n\n\n\n<ul>\n<li>dinamizar a\u00e7\u00f5es de coopera\u00e7\u00e3o entre os membros;<\/li>\n\n\n\n<li>organizar uma iniciativa anual de intera\u00e7\u00e3o grupal:<\/li>\n\n\n\n<li>dinamizar sess\u00f5es de auto-forma\u00e7\u00e3o em formato webinar visando o desenvolvimento de compet\u00eancias de produ\u00e7\u00e3o e gest\u00e3o de conte\u00fados.<\/li>\n<\/ul>\n\n\n\n<h3 class=\"wp-block-heading\">Em posi\u00e7\u00f5es de inova\u00e7\u00e3o e desenvolvimento<\/h3>\n\n\n\n<ul>\n<li>explorar o campo da edi\u00e7\u00e3o de publica\u00e7\u00e3o<\/li>\n\n\n\n<li>pesquisar vias de comercializa\u00e7\u00e3o cooperativa de publica\u00e7\u00f5es existentes;<\/li>\n\n\n\n<li>afirmar a marca e o sentido de a\u00e7\u00e3o do Coletivo no plano local, regional, nacional e internacional.<\/li>\n<\/ul>\n\n\n\n<p>AOS MEMBROS DO COLETIVO SEM FRONTEIRAS SER\u00c1 ATRIBU\u00cdDO UM CART\u00c3O &#8220;NSF-COLABORADORA \/ COLABORADOR | PRESS DOS CIDAD\u00c3OS&#8221;. (cart\u00e3o a ser adquirido por cada colaboradora \/ colaborador).<\/p>\n","protected":false},"excerpt":{"rendered":"<p>Colaborar com o NSF \u00e9 muito simples. S\u00f3 \u00e9 preciso enviar um pedido de ades\u00e3o&#8230;<\/p>\n","protected":false},"author":2,"featured_media":10140,"parent":0,"menu_order":0,"comment_status":"closed","ping_status":"closed","template":"","meta":{"sfsi_plus_gutenberg_text_before_share":"","sfsi_plus_gutenberg_show_text_before_share":"","sfsi_plus_gutenberg_icon_type":"","sfsi_plus_gutenberg_icon_alignemt":"","sfsi_plus_gutenburg_max_per_row":"","ngg_post_thumbnail":0,"footnotes":""},"_links":{"self":[{"href":"https:\/\/nsf.pt\/index.php\/wp-json\/wp\/v2\/pages\/10223"}],"collection":[{"href":"https:\/\/nsf.pt\/index.php\/wp-json\/wp\/v2\/pages"}],"about":[{"href":"https:\/\/nsf.pt\/index.php\/wp-json\/wp\/v2\/types\/page"}],"author":[{"embeddable":true,"href":"https:\/\/nsf.pt\/index.php\/wp-json\/wp\/v2\/users\/2"}],"replies":[{"embeddable":true,"href":"https:\/\/nsf.pt\/index.php\/wp-json\/wp\/v2\/comments?post=10223"}],"version-history":[{"count":1,"href":"https:\/\/nsf.pt\/index.php\/wp-json\/wp\/v2\/pages\/10223\/revisions"}],"predecessor-version":[{"id":10226,"href":"https:\/\/nsf.pt\/index.php\/wp-json\/wp\/v2\/pages\/10223\/revisions\/10226"}],"wp:featuredmedia":[{"embeddable":true,"href":"https:\/\/nsf.pt\/index.php\/wp-json\/wp\/v2\/media\/10140"}],"wp:attachment":[{"href":"https:\/\/nsf.pt\/index.php\/wp-json\/wp\/v2\/media?parent=10223"}],"curies":[{"name":"wp","href":"https:\/\/api.w.org\/{rel}","templated":true}]}}