{"id":1129,"date":"2015-11-13T17:36:01","date_gmt":"2015-11-13T17:36:01","guid":{"rendered":"http:\/\/aep61-74.org\/?page_id=1129"},"modified":"2020-08-16T03:30:18","modified_gmt":"2020-08-16T03:30:18","slug":"ser-socio","status":"publish","type":"page","link":"https:\/\/nsf.pt\/index.php\/ser-socio\/","title":{"rendered":"Ser s\u00f3cio"},"content":{"rendered":"<p><strong>A AEP61-74, Associa\u00e7\u00e3o de Exilados Pol\u00edticos Portugueses re\u00fane um conjunto de antigos desertores, refract\u00e1rios e exilados pol\u00edticos portugueses na Europa. Tem por objectivos, publicar o livro Ex\u00edlios, testemunhos de exilados portugueses na Europa (1961-74); recolher e divulgar mem\u00f3rias do ex\u00edlio dos anos 60\/70 do s\u00e9culo XX; criar, produzir e apoiar comunica\u00e7\u00e3o multim\u00e9dia sobre o mesmo per\u00edodo; apoiar e desenvolver iniciativas pela paz, pelos direitos humanos, contra a guerra. \u00c9 uma organiza\u00e7\u00e3o sem fins lucrativos e est\u00e1 aberta a iniciativas, defensores e activistas destas causas. TORNE-SE S\u00d3CIO.<\/strong><\/p>\n<p><strong><a href=\"http:\/\/aep61-74.org\/wp-content\/uploads\/2015\/11\/2015-Estatutos-aep61-74.pdf\" target=\"_blank\" rel=\"noopener noreferrer\">Estatutos da AEP-61-74<\/a><\/strong><\/p>\n<p>PREENCHA O <a href=\"https:\/\/forms.gle\/YkSKA3ZNb9XcJt1t8\">FORMULARIO DE INSCRI\u00c7\u00c3O<\/a> E EFETUE O PAGAMENTO DA SUA QUOTA INICIAL | 25 \u20ac<\/p>\n<h3><a href=\"https:\/\/forms.gle\/YkSKA3ZNb9XcJt1t8\">FORMUL\u00c1RIO<\/a><\/h3>\n<p>O contato pelo correio tradicional \u00e9 o seguinte<br \/>\n<strong>AEP61-74,&nbsp;<\/strong><b> P\u00f3lo de Telheiras da Casa da Cidadania<br \/>\n<\/b><strong>Rua Professor Francisco Gentil n\u00ba 33, 1600-622 LISBOA<\/strong><\/p>\n<p>O custo \u00e9 de 25 euros por ano que, prometemos, vamos aplicar da melhor maneira poss\u00edvel no cumprimento dos objectivos da Associa\u00e7\u00e3o.<br \/>\nPara dep\u00f3sitos:<br \/>\nCGD Restauradores, Lisboa<br \/>\n<strong>IBAN<\/strong> <strong>PT50003506980003674943005<\/strong><br \/>\n<strong>BIC<\/strong> <strong>CGDIPTPL<\/strong><\/p>\n<h4>CONTATO:<br \/>\nJos\u00e9 Augusto Martins jose.martins@aep61-74.otg<\/h4>\n<p><strong>FA\u00c7A-SE S\u00d3CIO<\/strong><\/p>\n<p>&nbsp;<\/p>\n","protected":false},"excerpt":{"rendered":"<p>A AEP61-74, Associa\u00e7\u00e3o de Exilados Pol\u00edticos Portugueses re\u00fane um conjunto de antigos desertores, refract\u00e1rios e&#8230;<\/p>\n","protected":false},"author":2,"featured_media":1753,"parent":0,"menu_order":7,"comment_status":"closed","ping_status":"closed","template":"","meta":{"sfsi_plus_gutenberg_text_before_share":"","sfsi_plus_gutenberg_show_text_before_share":"","sfsi_plus_gutenberg_icon_type":"","sfsi_plus_gutenberg_icon_alignemt":"","sfsi_plus_gutenburg_max_per_row":"","ngg_post_thumbnail":0,"footnotes":""},"_links":{"self":[{"href":"https:\/\/nsf.pt\/index.php\/wp-json\/wp\/v2\/pages\/1129"}],"collection":[{"href":"https:\/\/nsf.pt\/index.php\/wp-json\/wp\/v2\/pages"}],"about":[{"href":"https:\/\/nsf.pt\/index.php\/wp-json\/wp\/v2\/types\/page"}],"author":[{"embeddable":true,"href":"https:\/\/nsf.pt\/index.php\/wp-json\/wp\/v2\/users\/2"}],"replies":[{"embeddable":true,"href":"https:\/\/nsf.pt\/index.php\/wp-json\/wp\/v2\/comments?post=1129"}],"version-history":[{"count":30,"href":"https:\/\/nsf.pt\/index.php\/wp-json\/wp\/v2\/pages\/1129\/revisions"}],"predecessor-version":[{"id":1754,"href":"https:\/\/nsf.pt\/index.php\/wp-json\/wp\/v2\/pages\/1129\/revisions\/1754"}],"wp:featuredmedia":[{"embeddable":true,"href":"https:\/\/nsf.pt\/index.php\/wp-json\/wp\/v2\/media\/1753"}],"wp:attachment":[{"href":"https:\/\/nsf.pt\/index.php\/wp-json\/wp\/v2\/media?parent=1129"}],"curies":[{"name":"wp","href":"https:\/\/api.w.org\/{rel}","templated":true}]}}