{"id":31,"date":"2015-10-01T19:31:33","date_gmt":"2015-10-01T19:31:33","guid":{"rendered":"http:\/\/aep61-74.org\/?page_id=31"},"modified":"2020-08-16T03:29:36","modified_gmt":"2020-08-16T03:29:36","slug":"a-aep","status":"publish","type":"page","link":"https:\/\/nsf.pt\/index.php\/a-aep\/","title":{"rendered":"Hist\u00f3rico"},"content":{"rendered":"\n<p>| \u00d3rg\u00e3os socias da AEP61-74<\/p>\n\n\n\n<p>Em consequ\u00eancia do ato eleitoral ocorrido em 27 de junho 2020, que contou com votos presenciais e por correspond\u00eancia, foram eleitos os \u00d3rg\u00e3os Sociais para o tri\u00e9nio 2020-2023.<\/p>\n\n\n\n<figure class=\"wp-block-image size-large\"><img decoding=\"async\" loading=\"lazy\" width=\"1024\" height=\"683\" src=\"http:\/\/aep61-74.org\/wp-content\/uploads\/2020\/08\/106500767_10158450063492365_8104926346258254951_o-1-1024x683.jpg\" alt=\"\" class=\"wp-image-1764\" srcset=\"https:\/\/nsf.pt\/wp-content\/uploads\/2020\/08\/106500767_10158450063492365_8104926346258254951_o-1-1024x683.jpg 1024w, https:\/\/nsf.pt\/wp-content\/uploads\/2020\/08\/106500767_10158450063492365_8104926346258254951_o-1-300x200.jpg 300w, https:\/\/nsf.pt\/wp-content\/uploads\/2020\/08\/106500767_10158450063492365_8104926346258254951_o-1-768x512.jpg 768w, https:\/\/nsf.pt\/wp-content\/uploads\/2020\/08\/106500767_10158450063492365_8104926346258254951_o-1-1536x1025.jpg 1536w, https:\/\/nsf.pt\/wp-content\/uploads\/2020\/08\/106500767_10158450063492365_8104926346258254951_o-1-150x100.jpg 150w, https:\/\/nsf.pt\/wp-content\/uploads\/2020\/08\/106500767_10158450063492365_8104926346258254951_o-1.jpg 1902w\" sizes=\"(max-width: 1024px) 100vw, 1024px\" \/><figcaption>Esq. para dir. Beatriz Abrantes, Carlos Ribeiro, Manuel Rodrigues, Joaquim Saraiva, Fernando Cardoso, Teresa Couto, Jos\u00e9 Augusto Martins, Joaquim Nunes, Fernanda Marques, Carlos Neves<\/figcaption><\/figure>\n\n\n<h3>MANDATO 2020-2023<\/h3>\n<p><strong>A sua composi\u00e7\u00e3o \u00e9 a seguinte:<br data-rich-text-line-break=\"true\"><\/strong><br data-rich-text-line-break=\"true\">Mesa da Assembleia Geral<\/p>\n<p>Presidente Carlos Valentim Ribeiro<br data-rich-text-line-break=\"true\">1\u00aa Secret\u00e1ria Beatriz Abrantes<br data-rich-text-line-break=\"true\">2\u00aa Secret\u00e1ria Teresa Couto<br data-rich-text-line-break=\"true\"><br data-rich-text-line-break=\"true\"><strong>Dire\u00e7\u00e3o<\/strong><br data-rich-text-line-break=\"true\">Presidente Fernanda Marques<br data-rich-text-line-break=\"true\">Vice-Presidente Carlos Neves<br data-rich-text-line-break=\"true\">Tesoureiro Jos\u00e9 Martins<br data-rich-text-line-break=\"true\">Secret\u00e1rio Fernando Nunes<br data-rich-text-line-break=\"true\">Vogal Fernando Cardoso<br data-rich-text-line-break=\"true\">Vogal Suplente Vasco Martins<br data-rich-text-line-break=\"true\"><br data-rich-text-line-break=\"true\"><strong>Conselho Fiscal<\/strong><br data-rich-text-line-break=\"true\">Presidente Joaquim Saraiva<br data-rich-text-line-break=\"true\">1\u00ba Secret\u00e1rio Manuel Lopes Rodrigues<br data-rich-text-line-break=\"true\">2\u00ba Secret\u00e1rio Manuel Valente Tavares<br data-rich-text-line-break=\"true\">Vogal Suplente Irene Martins<\/p>\n<hr>\n<p><strong>Eleitos os \u00d3rg\u00e3os Sociais da Associa\u00e7\u00e3o em Assembleia Geral de 13 de Janeiro 2018<\/strong><\/p>\n<p>Na foto come\u00e7ando da esquerda: Jos\u00e9 Dias, Fernando Cardoso, Joaquim Nunes, Carlos Ribeiro, Joaquim Saraiva, Teresa Couto, Arnaldo Silva, Beatriz Abrantes e Jos\u00e9 Lu\u00eds Torres<\/p>\n<p><img decoding=\"async\" loading=\"lazy\" class=\"alignnone size-full wp-image-1435\" src=\"http:\/\/aep61-74.org\/wp-content\/uploads\/2018\/02\/diraep6174.jpg\" alt=\"\" width=\"1417\" height=\"829\" srcset=\"https:\/\/nsf.pt\/wp-content\/uploads\/2018\/02\/diraep6174.jpg 1417w, https:\/\/nsf.pt\/wp-content\/uploads\/2018\/02\/diraep6174-300x176.jpg 300w, https:\/\/nsf.pt\/wp-content\/uploads\/2018\/02\/diraep6174-768x449.jpg 768w, https:\/\/nsf.pt\/wp-content\/uploads\/2018\/02\/diraep6174-1024x599.jpg 1024w, https:\/\/nsf.pt\/wp-content\/uploads\/2018\/02\/diraep6174-250x146.jpg 250w, https:\/\/nsf.pt\/wp-content\/uploads\/2018\/02\/diraep6174-150x88.jpg 150w\" sizes=\"(max-width: 1417px) 100vw, 1417px\" \/><\/p>\n<hr>\n<h3>MANDATO&nbsp; 2018-2020<\/h3>\n<h5>MESA DA ASSEMBLEIA GERAL<\/h5>\n<p>Presidente da Mesa da Assembleia Geral &#8211; <strong>Carlos Ribeiro<br><\/strong>Secret\u00e1rio &#8211; <strong>Jos\u00e9 Lu\u00eds Torres<br><\/strong>Secret\u00e1ria &#8211; <strong>Teresa Couto<\/strong><\/p>\n<h5>DIREC\u00c7\u00c3O<\/h5>\n<p>Presidente &#8211; <strong>Fernando Cardoso<br><\/strong>Tesoureiro &#8211; <strong>Joaquim Saraiva<br><\/strong>Secret\u00e1ria &#8211; <strong>Beatriz Abrantes<br><\/strong><\/p>\n<p><strong>CONSELHO FISCAL<\/strong><\/p>\n<p>Presidente do Conselho Fiscal &#8211; <strong>Joaquim Nunes<br><\/strong>1\u00ba Secret\u00e1rio &#8211; <strong>Arnaldo Silva<br><\/strong>2\u00ba Secret\u00e1rio &#8211; <strong>Jos\u00e9 Dias<br><\/strong><\/p>\n<hr>\n<h3>MANDATO 2015 &#8211; 2018<\/h3>\n<p><strong>Realizou-se hoje, 8 de Novembro 2015, na AJA, a Assembleia fundadora da AEP61-74, Associa\u00e7\u00e3o de Exilados Pol\u00edticos Portugueses. <\/strong><strong>Foram eleitos, por unanimidade,&nbsp; os corpos directivos:<\/strong><\/p>\n<h5>MESA DA ASSEMBLEIA GERAL<\/h5>\n<ul>\n<li>Presidente da Assembleia Geral &#8211; <strong>Fernando Cardeira<\/strong><\/li>\n<li>Secret\u00e1ria &#8211; <strong>Merita Andrade<\/strong><\/li>\n<li>Secret\u00e1rio &#8211; <strong>Joaquim Saraiva<\/strong><\/li>\n<\/ul>\n<h5>DIREC\u00c7\u00c3O<\/h5>\n<ul>\n<li>Presidente &#8211; <strong>Fernando Cardoso<\/strong><\/li>\n<li>Tesoureiro &#8211; <strong>Rui Mota<\/strong><\/li>\n<li>Secret\u00e1ria &#8211; <strong>Teresa Couto<\/strong><\/li>\n<\/ul>\n<h5>CONSELHO FISCAL<\/h5>\n<ul>\n<li>Presidente do Conselho Fiscal &#8211; <strong>Jos\u00e9 Torres<\/strong><\/li>\n<li>Secret\u00e1ria &#8211; <strong>Ana Rosenheim<\/strong><\/li>\n<li>Secret\u00e1rio &#8211; <strong>Carlos Ribeiro<\/strong><\/li>\n<\/ul>\n<p><a href=\"http:\/\/aep61-74.org\/wp-content\/uploads\/2015\/11\/P1210847.jpg\"><img decoding=\"async\" loading=\"lazy\" class=\"alignleft size-thumbnail wp-image-1110\" src=\"http:\/\/aep61-74.org\/wp-content\/uploads\/2015\/11\/P1210847-150x150.jpg\" alt=\"P1210847\" width=\"150\" height=\"150\"><\/a> <a href=\"http:\/\/aep61-74.org\/wp-content\/uploads\/2015\/11\/P1210846.jpg\"><img decoding=\"async\" loading=\"lazy\" class=\"alignleft size-thumbnail wp-image-1109\" src=\"http:\/\/aep61-74.org\/wp-content\/uploads\/2015\/11\/P1210846-150x150.jpg\" alt=\"P1210846\" width=\"150\" height=\"150\"><\/a> <a href=\"http:\/\/aep61-74.org\/wp-content\/uploads\/2015\/11\/P1210845.jpg\"><img decoding=\"async\" loading=\"lazy\" class=\"alignleft size-thumbnail wp-image-1108\" src=\"http:\/\/aep61-74.org\/wp-content\/uploads\/2015\/11\/P1210845-150x150.jpg\" alt=\"P1210845\" width=\"150\" height=\"150\"><\/a> <a href=\"http:\/\/aep61-74.org\/wp-content\/uploads\/2015\/11\/P1210838.jpg\"><img decoding=\"async\" loading=\"lazy\" class=\"alignleft size-thumbnail wp-image-1107\" src=\"http:\/\/aep61-74.org\/wp-content\/uploads\/2015\/11\/P1210838-150x150.jpg\" alt=\"P1210838\" width=\"150\" height=\"150\"><\/a> <a href=\"http:\/\/aep61-74.org\/wp-content\/uploads\/2015\/11\/P1210835.jpg\"><img decoding=\"async\" loading=\"lazy\" class=\"alignleft size-thumbnail wp-image-1106\" src=\"http:\/\/aep61-74.org\/wp-content\/uploads\/2015\/11\/P1210835-150x150.jpg\" alt=\"P1210835\" width=\"150\" height=\"150\"><\/a> <a href=\"http:\/\/aep61-74.org\/wp-content\/uploads\/2015\/11\/P1210830.jpg\"><img decoding=\"async\" loading=\"lazy\" class=\"alignleft size-thumbnail wp-image-1105\" src=\"http:\/\/aep61-74.org\/wp-content\/uploads\/2015\/11\/P1210830-150x150.jpg\" alt=\"P1210830\" width=\"150\" height=\"150\"><\/a> <a href=\"http:\/\/aep61-74.org\/wp-content\/uploads\/2015\/11\/P1210829.jpg\"><img decoding=\"async\" loading=\"lazy\" class=\"alignleft size-thumbnail wp-image-1104\" src=\"http:\/\/aep61-74.org\/wp-content\/uploads\/2015\/11\/P1210829-150x150.jpg\" alt=\"P1210829\" width=\"150\" height=\"150\"><\/a><\/p>\n<p>Fotos Fernando Cardoso<\/p>\n<p>\/Carlos Ribeiro<\/p>\n<p><a href=\"http:\/\/aep61-74.org\/wp-content\/uploads\/2015\/11\/maria.jpg\"><img decoding=\"async\" loading=\"lazy\" class=\"alignleft size-thumbnail wp-image-1122\" src=\"http:\/\/aep61-74.org\/wp-content\/uploads\/2015\/11\/maria-150x150.jpg\" alt=\"maria\" width=\"150\" height=\"150\"><\/a> <a href=\"http:\/\/aep61-74.org\/wp-content\/uploads\/2015\/11\/eupassaporte.jpg\"><img decoding=\"async\" loading=\"lazy\" class=\"alignleft size-thumbnail wp-image-1121\" src=\"http:\/\/aep61-74.org\/wp-content\/uploads\/2015\/11\/eupassaporte-150x150.jpg\" alt=\"eupassaporte\" width=\"150\" height=\"150\"><\/a><\/p>\n\n\n<p><\/p>\n\n\n\n<p><\/p>\n\n\n\n<p><\/p>\n\n\n\n<h2 class=\"wp-block-heading\">PROCESSOS ELEITORAIS<\/h2>\n\n\n\n<p>Elei\u00e7\u00f5es para mandato 2020-2023<\/p>\n\n\n\n<p><strong>Dispon\u00edveis aqui os documentos referentes ao acto eleitoral do pr\u00f3ximo dia 27 de Junho: <a rel=\"noreferrer noopener\" href=\"http:\/\/aep61-74.org\/wp-content\/uploads\/2020\/05\/CADERNO-ELEITORAL2020.pdf\" target=\"_blank\">Caderno Eleitoral<\/a>, <a rel=\"noreferrer noopener\" href=\"http:\/\/aep61-74.org\/wp-content\/uploads\/2020\/05\/ComEleitoral_BOLETIM-DE-VOTO-2.pdf\" target=\"_blank\">Boletim de Voto<\/a>, <a rel=\"noreferrer noopener\" href=\"http:\/\/aep61-74.org\/wp-content\/uploads\/2020\/05\/Calend%C3%A1rio-eleitoral-2.pdf\" target=\"_blank\">Calend\u00e1rio Eleitoral,&nbsp;<\/a> <a rel=\"noreferrer noopener\" href=\"http:\/\/aep61-74.org\/wp-content\/uploads\/2020\/05\/agaepjunho20047.pdf\" target=\"_blank\">Convocat\u00f3ria da AG Eleitoral .&nbsp;<\/a><br>Igualmente dispon\u00edveis a <a rel=\"noreferrer noopener\" href=\"http:\/\/aep61-74.org\/wp-content\/uploads\/2020\/05\/Lista-e-Programa2020.pdf\" target=\"_blank\">Lista e o Programa<\/a> concorrentes \u00e0s elei\u00e7\u00f5es<\/strong><\/p>\n\n\n\n<p>Elei\u00e7\u00f5es em 2018<\/p>\n\n\n\n<figure class=\"wp-block-image\"><img decoding=\"async\" loading=\"lazy\" width=\"635\" height=\"434\" src=\"http:\/\/aep61-74.org\/wp-content\/uploads\/2015\/10\/MANIFESTO.jpg\" alt=\"\" class=\"wp-image-1425\" srcset=\"https:\/\/nsf.pt\/wp-content\/uploads\/2015\/10\/MANIFESTO.jpg 635w, https:\/\/nsf.pt\/wp-content\/uploads\/2015\/10\/MANIFESTO-300x205.jpg 300w, https:\/\/nsf.pt\/wp-content\/uploads\/2015\/10\/MANIFESTO-219x150.jpg 219w, https:\/\/nsf.pt\/wp-content\/uploads\/2015\/10\/MANIFESTO-150x103.jpg 150w\" sizes=\"(max-width: 635px) 100vw, 635px\" \/><\/figure>\n\n\n\n<p>Decorreram no passado dia 13 de Janeiro 2018, as elei\u00e7\u00f5es para os \u00d3rg\u00e3os Sociais da AEP61-74, Associa\u00e7\u00e3o de Exilados Pol\u00edticos Portugueses. A \u00fanica lista a concurso foi eleita para o bi\u00e9nio 2018\/2020. Temos um programa ambicioso a que cham\u00e1mos Continuidade Criativa cujos t\u00f3picos publicamos neste post. Convocamos vontades e din\u00e2micas de quem queira apresentar contributos, ideias e trabalho.<\/p>\n\n\n\n<p>Programa breve<br>1 &#8211; Projecto Europeu <a href=\"https:\/\/www.facebook.com\/hashtag\/ecos?source=feed_text&amp;story_id=827382320781983\">#ECOS<\/a>, Arquivar o ex\u00edlio, contrariar o sil\u00eancio: mem\u00f3rias, objectos e narrativas de tempos incertos<br>2 &#8211; Projecto document\u00e1rio Os Trilhos do Salto<br>3 \u2013 Colec\u00e7\u00e3o Virtual do Ex\u00edlio e da Guerra Colonial<br>4 &#8211; EX\u00cdLIOS em banda desenhada.<br>5 \u2013 EX\u00cdLIOS.3 com mais testemunhos de exilados<br>6 &#8211; Encontros de Mem\u00f3rias de Resist\u00eancia ao Estado Novo<br>7 \u2013 Melhoria da participa\u00e7\u00e3o dos s\u00f3cios na vida da associa\u00e7\u00e3o<\/p>\n","protected":false},"excerpt":{"rendered":"<p>| \u00d3rg\u00e3os socias da AEP61-74 Em consequ\u00eancia do ato eleitoral ocorrido em 27 de junho&#8230;<\/p>\n","protected":false},"author":2,"featured_media":1698,"parent":0,"menu_order":1,"comment_status":"closed","ping_status":"closed","template":"","meta":{"sfsi_plus_gutenberg_text_before_share":"","sfsi_plus_gutenberg_show_text_before_share":"","sfsi_plus_gutenberg_icon_type":"","sfsi_plus_gutenberg_icon_alignemt":"","sfsi_plus_gutenburg_max_per_row":"","ngg_post_thumbnail":0,"footnotes":""},"_links":{"self":[{"href":"https:\/\/nsf.pt\/index.php\/wp-json\/wp\/v2\/pages\/31"}],"collection":[{"href":"https:\/\/nsf.pt\/index.php\/wp-json\/wp\/v2\/pages"}],"about":[{"href":"https:\/\/nsf.pt\/index.php\/wp-json\/wp\/v2\/types\/page"}],"author":[{"embeddable":true,"href":"https:\/\/nsf.pt\/index.php\/wp-json\/wp\/v2\/users\/2"}],"replies":[{"embeddable":true,"href":"https:\/\/nsf.pt\/index.php\/wp-json\/wp\/v2\/comments?post=31"}],"version-history":[{"count":61,"href":"https:\/\/nsf.pt\/index.php\/wp-json\/wp\/v2\/pages\/31\/revisions"}],"predecessor-version":[{"id":1803,"href":"https:\/\/nsf.pt\/index.php\/wp-json\/wp\/v2\/pages\/31\/revisions\/1803"}],"wp:featuredmedia":[{"embeddable":true,"href":"https:\/\/nsf.pt\/index.php\/wp-json\/wp\/v2\/media\/1698"}],"wp:attachment":[{"href":"https:\/\/nsf.pt\/index.php\/wp-json\/wp\/v2\/media?parent=31"}],"curies":[{"name":"wp","href":"https:\/\/api.w.org\/{rel}","templated":true}]}}