{"id":536,"date":"2015-10-11T15:18:12","date_gmt":"2015-10-11T15:18:12","guid":{"rendered":"http:\/\/aep61-74.org\/?page_id=536"},"modified":"2024-03-07T08:27:40","modified_gmt":"2024-03-07T08:27:40","slug":"links","status":"publish","type":"page","link":"https:\/\/nsf.pt\/index.php\/links\/","title":{"rendered":"Consultas"},"content":{"rendered":"<p><strong><em>Institui\u00e7\u00f5es<\/em><\/strong><\/p>\n<ul>\n<li><strong><span class=\"highLT\"><a href=\"http:\/\/www.cd25a.uc.pt\/\" target=\"_blank\" rel=\"noopener noreferrer\">Centro de Documenta\u00e7\u00e3o 25 de Abril<\/a><\/span><\/strong><\/li>\n<li><strong><a href=\"http:\/\/www.cd25a.uc.pt\/index.php?r=site%2Fpage&amp;view=itempage&amp;p=2392\" target=\"_blank\" rel=\"noopener noreferrer\">CD 25 Abril, documentos da guerra, da deser\u00e7\u00e3o e do ex\u00edlio<\/a><\/strong><\/li>\n<li><strong><a href=\"http:\/\/www.memoria-viva.fr\/?lang=pt\" target=\"_blank\" rel=\"noopener noreferrer\">M\u00e9moire Vive<\/a><\/strong><\/li>\n<li><strong><a href=\"http:\/\/www.generiques.org\/\" target=\"_blank\" rel=\"noopener noreferrer\">G\u00e9n\u00e9riques<\/a><\/strong><\/li>\n<li><strong><span style=\"color: #2d2d2d; font-family: DINWeb-Regular,sans-serif;\"><a href=\"http:\/\/casacomum.org\/cc\/pesqArquivo.php?termo=desertores\" target=\"_blank\" rel=\"noopener noreferrer\">Funda\u00e7\u00e3o M\u00e1rio Soares<\/a><\/span><\/strong><\/li>\n<li><strong><a href=\"http:\/\/www.dglab.gov.pt\/contactos\/\" target=\"_blank\" rel=\"noopener noreferrer\">Direc\u00e7\u00e3o-Geral do Livro, dos Arquivos e das Bibliotecas (Edif\u00edcio da Torre do Tombo)<\/a><\/strong><\/li>\n<li><strong><a href=\"http:\/\/crs.info.yorku.ca\/open-letter\" target=\"_blank\" rel=\"noopener noreferrer\">Centre for Refugee Studies<\/a><\/strong><\/li>\n<li><strong><a href=\"https:\/\/ephemerajpp.com\/\" target=\"_blank\" rel=\"noopener noreferrer\">Biblioteca Ephemera de Pacheco Pereira<\/a><\/strong><\/li>\n<\/ul>\n<p>&nbsp;<\/p>\n<hr>\n<p><em><strong>Documentos<\/strong><\/em><\/p>\n<ul>\n<li><strong><a href=\"http:\/\/belleville6174.blogspot.pt\/\" target=\"_blank\" rel=\"noopener noreferrer\">Blog Belleville 61-74, Mem\u00f3rias de Ex\u00edlio <\/a><\/strong><\/li>\n<li><strong><span dir=\"ltr\" title=\"Guerra na Guin\u00e9 Imagens que foram ocultadas aos Portugueses\"><a href=\"https:\/\/www.youtube.com\/watch?v=FOpqcUBzBXc\" target=\"_blank\" rel=\"noopener noreferrer\">Guerra na Guin\u00e9 Imagens que foram ocultadas aos Portugueses<\/a><\/span><\/strong><\/li>\n<li><strong><a href=\"http:\/\/www.ina.fr\/video\/CAF93023747\/l-opposition-portugaise-et-le-maquis-de-guinee-video.html\" target=\"_blank\" rel=\"noopener noreferrer\">L&#8217;opposition portugaise et le maquis de Guin\u00e9e (11 nov. 1969; video 28min 44s)<\/a><\/strong><\/li>\n<li><a href=\"http:\/\/www.ina.fr\/video\/I04071199\/interview-ex-officier-opposant-a-la-guerre-en-angola-video.html\" target=\"_blank\" rel=\"noopener noreferrer\"><strong>Interview ex officier opposant \u00e0 la guerre en Angola<span style=\"font-size: large;\"> (<\/span>11 nov. 1969)<\/strong><\/a><\/li>\n<li><strong><a href=\"http:\/\/www.ina.fr\/video\/I04071196\/temoignage-soldat-demobilise-sur-la-torture-video.html\" target=\"_blank\" rel=\"noopener noreferrer\">T\u00e9moignage soldat d\u00e9mobilis\u00e9 sur la torture (11 nov. 1969; video&nbsp;01min 20s)<\/a><\/strong><\/li>\n<li><strong>&nbsp;<a href=\"http:\/\/otempodascerejas2.blogspot.pt\/2013\/05\/raquel-varela-as-desercoes-e-o-pcp.html\" target=\"_blank\" rel=\"noopener noreferrer\">Raquel Varela, as deser\u00e7\u00f5es e o PC<\/a><\/strong><\/li>\n<li class=\"gmail_default\">\n<div class=\"gmail_default\"><a href=\"http:\/\/abrupto.blogspot.pt\/2008\/04\/patriotismos-faces-do-batalho-114-em.html\" target=\"_blank\" rel=\"noopener noreferrer\"><b><span style=\"color: #000000; font-family: DINWeb-Regular,sans-serif;\">Patriotismos <\/span><\/b><strong><span style=\"color: #000000; font-family: DINWeb-Regular,sans-serif;\">(<\/span>Jos\u00e9 Pacheco Pereira)<\/strong><\/a><\/div>\n<\/li>\n<li><strong><a href=\"http:\/\/jugular.blogs.sapo.pt\/a-desercao-como-escolha-etica-por-jose-3732803\" target=\"_blank\" rel=\"noopener noreferrer\">Deser\u00e7\u00e3o como escolha \u00e9tica (por Jos\u00e9 Queir\u00f3s)<\/a><\/strong><\/li>\n<li><strong><span style=\"color: #2d2d2d; font-family: DINWeb-Regular,sans-serif;\"><a href=\"https:\/\/aterceiranoite.wordpress.com\/2008\/04\/21\/desercao\/\" target=\"_blank\" rel=\"noopener noreferrer\">Deser\u00e7\u00e3o (por Rui Bebiano)<\/a><\/span><\/strong><\/li>\n<li><strong><a href=\"https:\/\/aterceiranoite.wordpress.com\/2008\/04\/22\/desercao-adenda\/\" target=\"_blank\" rel=\"noopener noreferrer\">Deser\u00e7\u00e3o (Adenda) (por Rui Bebiano)<\/a><\/strong><\/li>\n<li><strong><a href=\"http:\/\/www.aterceiranoite.org\/2010\/05\/12\/o-desertor\/\" target=\"_blank\" rel=\"noopener noreferrer\"><span style=\"color: #2d2d2d; font-family: DINWeb-Regular,sans-serif;\">O desertor&nbsp;<\/span>(por Rui Bebiano)<\/a><\/strong><\/li>\n<li><strong><a href=\"http:\/\/desenvolturasedesacatos.blogspot.pt\/2014\/04\/historia-da-guerra-colonial-3-parte.html\" target=\"_blank\" rel=\"noopener noreferrer\"><span style=\"color: #2d2d2d; font-family: DINWeb-Regular,sans-serif;\">Blog D<\/span>esenvolturas &amp; Desacatos<\/a><\/strong><\/li>\n<li><strong><a href=\"https:\/\/estudogeral.sib.uc.pt\/bitstream\/10316\/15488\/1\/Tese%20doutoramento_Miguel%20Cardina.pdf\" target=\"_blank\" rel=\"noopener noreferrer\">Margem de Certa Maneira, O mao\u00edsmo em Portugal: 1964-1974 (livro de Miguel Cardina)<\/a><\/strong><\/li>\n<li><strong><a href=\"https:\/\/caminhosdamemoria.wordpress.com\/2008\/11\/24\/notas-sobre-o-maoismo-em-portugal-1964-1974\/\" target=\"_blank\" rel=\"noopener noreferrer\">Notas sobre o maoismo em Portugal&nbsp;(1964-1974) <\/a><a href=\"https:\/\/caminhosdamemoria.wordpress.com\/2008\/11\/24\/notas-sobre-o-maoismo-em-portugal-1964-1974\/\" target=\"_blank\" rel=\"noopener noreferrer\">Miguel Cardina\u200b<\/a><\/strong><\/li>\n<li>\n<div class=\"gmail_default\"><a href=\"http:\/\/restosdecoleccao.blogspot.pt\/2011\/01\/propaganda-na-guerra-colonial-1.html\" target=\"_blank\" rel=\"noopener noreferrer\"><strong><span style=\"color: #2d2d2d; font-family: DINWeb-Regular,sans-serif;\">P<\/span>ropaganda na Guerra Colonial (1)<\/strong><\/a><\/div>\n<\/li>\n<li><strong><a href=\"http:\/\/restosdecoleccao.blogspot.pt\/2011\/01\/propaganda-na-guerra-colonial-2.html\" target=\"_blank\" rel=\"noopener noreferrer\"><span style=\"color: #2d2d2d; font-family: DINWeb-Regular,sans-serif;\">P<\/span>ropaganda na Guerra Colonial (2)<\/a><\/strong><\/li>\n<li><strong><span style=\"color: #2d2d2d; font-family: DINWeb-Regular,sans-serif;\"><a href=\"http:\/\/www.guerracolonial.org\/home\" target=\"_blank\" rel=\"noopener noreferrer\">Guerra Colonial<\/a><\/span><\/strong><\/li>\n<li><strong><span style=\"color: #000000;\"><a href=\"http:\/\/www.revistamilitar.pt\/artigo.php?art_id=515\" target=\"_blank\" rel=\"noopener noreferrer\">A ACADEMIA MILITAR E A GUERRA DE \u00c1FRICA: A FORMA\u00c7\u00c3O DOS QUADROS 1960 1974<\/a><\/span><\/strong><\/li>\n<li><strong><a href=\"http:\/\/www.liberationafrica.se\/publications\/978-91-975634-5-1.pdf\" target=\"_blank\" rel=\"noopener noreferrer\">Documento sueco sobre o apoio \u00e0s lutas de liberta\u00e7\u00e3o em \u00c1frica<\/a><\/strong><\/li>\n<li>\n<div class=\"gmail_default\"><strong><a href=\"http:\/\/www.arbetarhistoria.se\/fulltext\/133.pdf\" target=\"_blank\" rel=\"noopener noreferrer\">Tradu\u00e7\u00e3o sueca do artigo de Raquel Varela &#8220;Oficiais milicianos optam pela deser\u00e7\u00e3o &#8230;&#8221;<\/a><\/strong><\/div>\n<\/li>\n<li><strong class=\"gmail_default\"><span style=\"color: #000000;\"><a href=\"http:\/\/bloncourtblog.net\/2014\/07\/l-immigration-portugaise.html\" target=\"_blank\" rel=\"noopener noreferrer\">L&#8217;Immigration Portugaise<\/a><\/span><\/strong><\/li>\n<li>\n<div class=\"gmail_default\"><strong><span style=\"color: #2d2d2d; font-family: DINWeb-Regular,sans-serif;\"><a href=\"http:\/\/jugular.blogs.sapo.pt\/desertar-ou-ir-a-guerra-ha-mais-de-40-3731324?page=2#_edn9\" target=\"_blank\" rel=\"noopener noreferrer\">Irene Pimentel, &#8220;Desertar ou ir \u00e0 guerra?&#8221;<\/a><\/span><\/strong><\/div>\n<\/li>\n<li>\n<div class=\"gmail_default\">\n<p><strong><a href=\"http:\/\/barthes.ens.fr\/clio\/revues\/AHI\/articles\/volumes\/volovitch.html\" target=\"_blank\" rel=\"noopener noreferrer\">Les phases de l&#8217;immigration portugaise, des ann\u00e9es vingt aux ann\u00e9es soixante-dix. Par Marie Christine Volovitch-Tavar\u00e8s<\/a><\/strong><\/p>\n<p><strong><a href=\"http:\/\/www.theguardian.com\/world\/2015\/mar\/08\/great-escape-that-changed-africas-future\" target=\"_blank\" rel=\"noopener noreferrer\">The great escape. Sa\u00edda de 60 estudantes africanos de Portugal nos anos 60<\/a><\/strong><\/p>\n<p><strong><a href=\"https:\/\/youtu.be\/Dup6KOoaAUc\" target=\"_blank\" rel=\"noopener noreferrer\">\u2022 V\u00eddeo Adolfo Kaminsky, o fals\u00e1rio<\/a><\/strong><\/p>\n<p><strong><a href=\"http:\/\/rr.sapo.pt\/noticia\/66884\/o_pais_ainda_nao_absolveu_os_desertores_da_guerra_colonial\" target=\"_blank\" rel=\"noopener noreferrer\">Reportagem da R\u00e1dio Renascen\u00e7a sobre a quest\u00e3o da deser\u00e7\u00e3o em 25 de Outubro 2016<\/a><\/strong><\/p>\n<p><strong><a href=\"http:\/\/aep61-74.org\/wp-content\/uploads\/2018\/10\/Pole\u0301mica-sobre-a-deserc\u0327a\u0303o-durante-a-guerra-colonial.pdf\">Texto sobre a deser\u00e7\u00e3o \u00e0 Guerra Colonial de Jos\u00e9 Manuel Lopes Cordeiro<\/a><\/strong><\/p>\n<p>&nbsp;<\/p>\n<p>&nbsp;<\/p>\n<p><strong><span style=\"color: #2d2d2d; font-family: DINWeb-Regular,sans-serif;\">&nbsp;<\/span><\/strong><\/p>\n<\/div>\n<\/li>\n<\/ul>\n","protected":false},"excerpt":{"rendered":"<p>Institui\u00e7\u00f5es Centro de Documenta\u00e7\u00e3o 25 de Abril CD 25 Abril, documentos da guerra, da deser\u00e7\u00e3o&#8230;<\/p>\n","protected":false},"author":2,"featured_media":10741,"parent":0,"menu_order":7,"comment_status":"closed","ping_status":"closed","template":"","meta":{"sfsi_plus_gutenberg_text_before_share":"","sfsi_plus_gutenberg_show_text_before_share":"","sfsi_plus_gutenberg_icon_type":"","sfsi_plus_gutenberg_icon_alignemt":"","sfsi_plus_gutenburg_max_per_row":"","ngg_post_thumbnail":0,"footnotes":""},"_links":{"self":[{"href":"https:\/\/nsf.pt\/index.php\/wp-json\/wp\/v2\/pages\/536"}],"collection":[{"href":"https:\/\/nsf.pt\/index.php\/wp-json\/wp\/v2\/pages"}],"about":[{"href":"https:\/\/nsf.pt\/index.php\/wp-json\/wp\/v2\/types\/page"}],"author":[{"embeddable":true,"href":"https:\/\/nsf.pt\/index.php\/wp-json\/wp\/v2\/users\/2"}],"replies":[{"embeddable":true,"href":"https:\/\/nsf.pt\/index.php\/wp-json\/wp\/v2\/comments?post=536"}],"version-history":[{"count":77,"href":"https:\/\/nsf.pt\/index.php\/wp-json\/wp\/v2\/pages\/536\/revisions"}],"predecessor-version":[{"id":1788,"href":"https:\/\/nsf.pt\/index.php\/wp-json\/wp\/v2\/pages\/536\/revisions\/1788"}],"wp:featuredmedia":[{"embeddable":true,"href":"https:\/\/nsf.pt\/index.php\/wp-json\/wp\/v2\/media\/10741"}],"wp:attachment":[{"href":"https:\/\/nsf.pt\/index.php\/wp-json\/wp\/v2\/media?parent=536"}],"curies":[{"name":"wp","href":"https:\/\/api.w.org\/{rel}","templated":true}]}}